{"id":5216,"date":"2025-08-30T21:06:18","date_gmt":"2025-08-30T21:06:18","guid":{"rendered":"https:\/\/redinpadeso.org\/?page_id=5216"},"modified":"2025-10-05T06:06:26","modified_gmt":"2025-10-05T06:06:26","slug":"equipo","status":"publish","type":"page","link":"https:\/\/redinpadeso.org\/index.php\/equipo\/","title":{"rendered":"Equipo"},"content":{"rendered":"\n<div class=\"wp-block-group alignfull has-background-background-color has-background is-layout-constrained wp-container-core-group-is-layout-18 wp-block-group-is-layout-constrained\" style=\"margin-top:0;margin-bottom:0;padding-top:6rem;padding-right:var(--wp--preset--spacing--40);padding-bottom:6rem;padding-left:var(--wp--preset--spacing--40)\">\n<div class=\"wp-block-group is-content-justification-center is-layout-constrained wp-container-core-group-is-layout-1 wp-block-group-is-layout-constrained\" style=\"margin-top:0;margin-bottom:0\">\n<h1 class=\"wp-block-heading has-text-align-center has-heading-color-color has-text-color has-link-color has-jumbo-font-size wp-elements-a34ab0ab9a464748c56754a46e31aa57\" style=\"margin-top:0;margin-bottom:0;font-style:normal;font-weight:500\">Nuestro equipo<\/h1>\n\n\n\n<p class=\"has-text-align-center has-foreground-alt-color has-text-color has-link-color wp-elements-d6dbee6598723dc5ad4c3433eea85520\">Contamos con un equipo multidisciplinario de expertos dedicados a impulsar nuestros objetivos:<\/p>\n<\/div>\n\n\n\n<div class=\"wp-block-columns is-layout-flex wp-container-core-columns-is-layout-1 wp-block-columns-is-layout-flex\" style=\"margin-top:64px\">\n<div class=\"wp-block-column is-layout-flow wp-block-column-is-layout-flow\">\n<div class=\"wp-block-group orakus-hover-box is-layout-constrained wp-block-group-is-layout-constrained\" style=\"border-radius:20px;padding-top:0px;padding-right:0px;padding-bottom:0px;padding-left:0px\">\n<figure class=\"wp-block-image aligncenter size-full is-resized has-custom-border\"><img loading=\"lazy\" decoding=\"async\" width=\"839\" height=\"889\" src=\"https:\/\/redinpadeso.org\/wp-content\/uploads\/2024\/07\/cropped-Foto-Israel.jpg\" alt=\"\" class=\"wp-image-2916\" style=\"border-radius:50%;object-fit:cover;width:250px;height:250px\" srcset=\"https:\/\/redinpadeso.org\/wp-content\/uploads\/2024\/07\/cropped-Foto-Israel.jpg 839w, https:\/\/redinpadeso.org\/wp-content\/uploads\/2024\/07\/cropped-Foto-Israel-283x300.jpg 283w, https:\/\/redinpadeso.org\/wp-content\/uploads\/2024\/07\/cropped-Foto-Israel-768x814.jpg 768w\" sizes=\"(max-width: 839px) 100vw, 839px\" \/><\/figure>\n\n\n\n<div class=\"wp-block-group is-vertical is-content-justification-center is-layout-flex wp-container-core-group-is-layout-2 wp-block-group-is-layout-flex\">\n<h3 class=\"wp-block-heading has-text-align-center has-heading-color-color has-text-color has-link-color wp-elements-c41d136620dfc0c689ed0ff9c3cfe616\" style=\"font-size:clamp(15.747px, 0.984rem + ((1vw - 3.2px) * 0.503), 24px);font-style:normal;font-weight:500\">Dr. Israel Herrera<\/h3>\n\n\n\n<p class=\"has-text-align-center\">Director<\/p>\n\n\n\n<p class=\"has-text-align-center\" style=\"margin-top:12px;margin-bottom:24px\">Liderando nuestra visi\u00f3n con experiencia y dedicaci\u00f3n.<\/p>\n<\/div>\n<\/div>\n\n\n\n<div class=\"wp-block-group orakus-hover-box is-layout-constrained wp-block-group-is-layout-constrained\" style=\"border-radius:20px;padding-top:0px;padding-right:0px;padding-bottom:0px;padding-left:0px\">\n<figure class=\"wp-block-image aligncenter size-full is-resized has-custom-border\"><img loading=\"lazy\" decoding=\"async\" width=\"1266\" height=\"1210\" src=\"https:\/\/redinpadeso.org\/wp-content\/uploads\/2025\/06\/Rebeca-e1750631739275.png\" alt=\"\" class=\"wp-image-4833\" style=\"border-radius:50%;object-fit:cover;width:250px;height:250px\" srcset=\"https:\/\/redinpadeso.org\/wp-content\/uploads\/2025\/06\/Rebeca-e1750631739275.png 1266w, https:\/\/redinpadeso.org\/wp-content\/uploads\/2025\/06\/Rebeca-e1750631739275-300x287.png 300w, https:\/\/redinpadeso.org\/wp-content\/uploads\/2025\/06\/Rebeca-e1750631739275-1024x979.png 1024w, https:\/\/redinpadeso.org\/wp-content\/uploads\/2025\/06\/Rebeca-e1750631739275-768x734.png 768w\" sizes=\"(max-width: 1266px) 100vw, 1266px\" \/><\/figure>\n\n\n\n<div class=\"wp-block-group is-vertical is-content-justification-center is-layout-flex wp-container-core-group-is-layout-4 wp-block-group-is-layout-flex\">\n<h3 class=\"wp-block-heading has-text-align-center has-heading-color-color has-text-color has-link-color wp-elements-5f7359e027ed1b07bb9bf8e6263aa616\" style=\"font-size:clamp(15.747px, 0.984rem + ((1vw - 3.2px) * 0.503), 24px);font-style:normal;font-weight:500\">Lic. Rebeca Rosado<\/h3>\n\n\n\n<p class=\"has-text-align-center\">Investigadora<\/p>\n\n\n\n<p class=\"has-text-align-center\" style=\"margin-top:12px;margin-bottom:24px\">A cargo de generar conocimiento y an\u00e1lisis para nuestras iniciativas.<\/p>\n<\/div>\n<\/div>\n\n\n\n<div class=\"wp-block-group orakus-hover-box is-layout-constrained wp-block-group-is-layout-constrained\" style=\"border-radius:20px;padding-top:0px;padding-right:0px;padding-bottom:0px;padding-left:0px\">\n<figure class=\"wp-block-image aligncenter size-full is-resized has-custom-border\"><img loading=\"lazy\" decoding=\"async\" width=\"450\" height=\"450\" src=\"https:\/\/redinpadeso.org\/wp-content\/uploads\/2024\/07\/Bri-Zav.webp\" alt=\"\" class=\"wp-image-2919\" style=\"border-radius:50%;object-fit:cover;width:250px;height:250px\" srcset=\"https:\/\/redinpadeso.org\/wp-content\/uploads\/2024\/07\/Bri-Zav.webp 450w, https:\/\/redinpadeso.org\/wp-content\/uploads\/2024\/07\/Bri-Zav-300x300.webp 300w, https:\/\/redinpadeso.org\/wp-content\/uploads\/2024\/07\/Bri-Zav-150x150.webp 150w\" sizes=\"(max-width: 450px) 100vw, 450px\" \/><\/figure>\n\n\n\n<div class=\"wp-block-group is-vertical is-content-justification-center is-layout-flex wp-container-core-group-is-layout-6 wp-block-group-is-layout-flex\">\n<h3 class=\"wp-block-heading has-text-align-center has-heading-color-color has-text-color has-link-color wp-elements-535a3f804f02767e877d0412fceb3f74\" style=\"font-size:clamp(15.747px, 0.984rem + ((1vw - 3.2px) * 0.503), 24px);font-style:normal;font-weight:500\">Mtra. Brillyth Zavala<\/h3>\n\n\n\n<p class=\"has-text-align-center\">Comunicaci\u00f3n<\/p>\n\n\n\n<p class=\"has-text-align-center\" style=\"margin-top:12px;margin-bottom:24px\">Responsable de la difusi\u00f3n, comunicaci\u00f3n y relaciones internacionales.<\/p>\n<\/div>\n<\/div>\n<\/div>\n\n\n\n<div class=\"wp-block-column is-layout-flow wp-block-column-is-layout-flow\">\n<div class=\"wp-block-group orakus-hover-box is-layout-constrained wp-block-group-is-layout-constrained\" style=\"border-radius:20px;padding-top:0px;padding-right:0px;padding-bottom:0px;padding-left:0px\">\n<figure class=\"wp-block-image aligncenter size-full is-resized has-custom-border\"><img loading=\"lazy\" decoding=\"async\" width=\"450\" height=\"450\" src=\"https:\/\/redinpadeso.org\/wp-content\/uploads\/2024\/07\/Amina-CV_edited.webp\" alt=\"\" class=\"wp-image-2917\" style=\"border-radius:50%;object-fit:cover;width:250px;height:250px\" srcset=\"https:\/\/redinpadeso.org\/wp-content\/uploads\/2024\/07\/Amina-CV_edited.webp 450w, https:\/\/redinpadeso.org\/wp-content\/uploads\/2024\/07\/Amina-CV_edited-300x300.webp 300w, https:\/\/redinpadeso.org\/wp-content\/uploads\/2024\/07\/Amina-CV_edited-150x150.webp 150w\" sizes=\"(max-width: 450px) 100vw, 450px\" \/><\/figure>\n\n\n\n<div class=\"wp-block-group is-vertical is-content-justification-center is-layout-flex wp-container-core-group-is-layout-8 wp-block-group-is-layout-flex\">\n<h3 class=\"wp-block-heading has-text-align-center has-heading-color-color has-text-color has-link-color wp-elements-386713abab5770b46607524b62eb10f8\" style=\"font-size:clamp(15.747px, 0.984rem + ((1vw - 3.2px) * 0.503), 24px);font-style:normal;font-weight:500\">Dra. Amina El Mekaoui<\/h3>\n\n\n\n<p class=\"has-text-align-center\">Subdirectora<\/p>\n\n\n\n<p class=\"has-text-align-center\" style=\"margin-top:12px;margin-bottom:24px\">Apoyando la direcci\u00f3n estrat\u00e9gica y operativa de la fundaci\u00f3n.<\/p>\n<\/div>\n<\/div>\n\n\n\n<div class=\"wp-block-group orakus-hover-box is-layout-constrained wp-block-group-is-layout-constrained\" style=\"border-radius:20px;padding-top:0px;padding-right:0px;padding-bottom:0px;padding-left:0px\">\n<figure class=\"wp-block-image aligncenter size-full is-resized has-custom-border\"><img loading=\"lazy\" decoding=\"async\" width=\"1080\" height=\"950\" src=\"https:\/\/redinpadeso.org\/wp-content\/uploads\/2025\/06\/Dr-Marcelino-Garcia.png\" alt=\"\" class=\"wp-image-4832\" style=\"border-radius:50%;object-fit:cover;width:250px;height:250px\" srcset=\"https:\/\/redinpadeso.org\/wp-content\/uploads\/2025\/06\/Dr-Marcelino-Garcia.png 1080w, https:\/\/redinpadeso.org\/wp-content\/uploads\/2025\/06\/Dr-Marcelino-Garcia-300x264.png 300w, https:\/\/redinpadeso.org\/wp-content\/uploads\/2025\/06\/Dr-Marcelino-Garcia-1024x901.png 1024w, https:\/\/redinpadeso.org\/wp-content\/uploads\/2025\/06\/Dr-Marcelino-Garcia-768x676.png 768w\" sizes=\"(max-width: 1080px) 100vw, 1080px\" \/><\/figure>\n\n\n\n<div class=\"wp-block-group is-vertical is-content-justification-center is-layout-flex wp-container-core-group-is-layout-10 wp-block-group-is-layout-flex\">\n<h3 class=\"wp-block-heading has-text-align-center has-heading-color-color has-text-color has-link-color wp-elements-409038c5c1c0eb64471c06669b1970d6\" style=\"font-size:clamp(15.747px, 0.984rem + ((1vw - 3.2px) * 0.503), 24px);font-style:normal;font-weight:500\">Dra. Marcelino Garc\u00eda<\/h3>\n\n\n\n<p class=\"has-text-align-center\">Investigador<\/p>\n\n\n\n<p class=\"has-text-align-center\" style=\"margin-top:12px;margin-bottom:24px\">A cargo de generar conocimiento y an\u00e1lisis para nuestras iniciativas.<\/p>\n<\/div>\n<\/div>\n\n\n\n<div class=\"wp-block-group orakus-hover-box is-layout-constrained wp-block-group-is-layout-constrained\" style=\"border-radius:20px;padding-top:0px;padding-right:0px;padding-bottom:0px;padding-left:0px\">\n<figure class=\"wp-block-image aligncenter size-full is-resized has-custom-border\"><img loading=\"lazy\" decoding=\"async\" width=\"450\" height=\"429\" src=\"https:\/\/redinpadeso.org\/wp-content\/uploads\/2024\/07\/cropped-Jonathan.webp\" alt=\"\" class=\"wp-image-2922\" style=\"border-radius:50%;object-fit:cover;width:250px;height:250px\" srcset=\"https:\/\/redinpadeso.org\/wp-content\/uploads\/2024\/07\/cropped-Jonathan.webp 450w, https:\/\/redinpadeso.org\/wp-content\/uploads\/2024\/07\/cropped-Jonathan-300x286.webp 300w\" sizes=\"(max-width: 450px) 100vw, 450px\" \/><\/figure>\n\n\n\n<div class=\"wp-block-group is-vertical is-content-justification-center is-layout-flex wp-container-core-group-is-layout-12 wp-block-group-is-layout-flex\">\n<h3 class=\"wp-block-heading has-text-align-center has-heading-color-color has-text-color has-link-color wp-elements-e8b5e5a8de04b30dd87d4e18fd1e67b4\" style=\"font-size:clamp(15.747px, 0.984rem + ((1vw - 3.2px) * 0.503), 24px);font-style:normal;font-weight:500\">LCC. Jonathan Ibarra<\/h3>\n\n\n\n<p class=\"has-text-align-center\">Contenido<\/p>\n\n\n\n<p class=\"has-text-align-center\" style=\"margin-top:12px;margin-bottom:24px\">Responsable de la producci\u00f3n audiovisual y administraci\u00f3n de redes sociales y p\u00e1gina web<\/p>\n<\/div>\n<\/div>\n<\/div>\n\n\n\n<div class=\"wp-block-column is-layout-flow wp-block-column-is-layout-flow\">\n<div class=\"wp-block-group orakus-hover-box is-layout-constrained wp-block-group-is-layout-constrained\" style=\"border-radius:20px;padding-top:0px;padding-right:0px;padding-bottom:0px;padding-left:0px\">\n<figure class=\"wp-block-image aligncenter size-full is-resized has-custom-border\"><img loading=\"lazy\" decoding=\"async\" width=\"450\" height=\"387\" src=\"https:\/\/redinpadeso.org\/wp-content\/uploads\/2024\/07\/cropped-Armando.webp\" alt=\"\" class=\"wp-image-3020\" style=\"border-radius:50%;object-fit:cover;width:250px;height:250px\" srcset=\"https:\/\/redinpadeso.org\/wp-content\/uploads\/2024\/07\/cropped-Armando.webp 450w, https:\/\/redinpadeso.org\/wp-content\/uploads\/2024\/07\/cropped-Armando-300x258.webp 300w\" sizes=\"(max-width: 450px) 100vw, 450px\" \/><\/figure>\n\n\n\n<div class=\"wp-block-group is-vertical is-content-justification-center is-layout-flex wp-container-core-group-is-layout-14 wp-block-group-is-layout-flex\">\n<h3 class=\"wp-block-heading has-text-align-center has-heading-color-color has-text-color has-link-color wp-elements-508c06e4d770109e030e48a7d0b4c92b\" style=\"font-size:clamp(15.747px, 0.984rem + ((1vw - 3.2px) * 0.503), 24px);font-style:normal;font-weight:500\">Dr. Armando Cetina<\/h3>\n\n\n\n<p class=\"has-text-align-center\">Investigador<\/p>\n\n\n\n<p class=\"has-text-align-center\" style=\"margin-top:12px;margin-bottom:24px\">A cargo de generar conocimiento y an\u00e1lisis para nuestras iniciativas.<\/p>\n<\/div>\n<\/div>\n\n\n\n<div class=\"wp-block-group orakus-hover-box is-layout-constrained wp-block-group-is-layout-constrained\" style=\"border-radius:20px;padding-top:0px;padding-right:0px;padding-bottom:0px;padding-left:0px\">\n<figure class=\"wp-block-image aligncenter size-full is-resized has-custom-border\"><img loading=\"lazy\" decoding=\"async\" width=\"450\" height=\"450\" src=\"https:\/\/redinpadeso.org\/wp-content\/uploads\/2025\/05\/imagen_2025-05-11_115217494.png\" alt=\"\" class=\"wp-image-4652\" style=\"border-radius:50%;object-fit:cover;width:250px;height:250px\" srcset=\"https:\/\/redinpadeso.org\/wp-content\/uploads\/2025\/05\/imagen_2025-05-11_115217494.png 450w, https:\/\/redinpadeso.org\/wp-content\/uploads\/2025\/05\/imagen_2025-05-11_115217494-300x300.png 300w, https:\/\/redinpadeso.org\/wp-content\/uploads\/2025\/05\/imagen_2025-05-11_115217494-150x150.png 150w\" sizes=\"(max-width: 450px) 100vw, 450px\" \/><\/figure>\n\n\n\n<div class=\"wp-block-group is-vertical is-content-justification-center is-layout-flex wp-container-core-group-is-layout-16 wp-block-group-is-layout-flex\">\n<h3 class=\"wp-block-heading has-text-align-center has-heading-color-color has-text-color has-link-color wp-elements-95bc13d6b2d557065c95e70fda6e4707\" style=\"font-size:clamp(15.747px, 0.984rem + ((1vw - 3.2px) * 0.503), 24px);font-style:normal;font-weight:500\">Dra. Gertrudis Guzm\u00e1n<\/h3>\n\n\n\n<p class=\"has-text-align-center\">Investigadora<\/p>\n\n\n\n<p class=\"has-text-align-center\" style=\"margin-top:12px;margin-bottom:24px\">A cargo de generar conocimiento y an\u00e1lisis para nuestras iniciativas.<\/p>\n<\/div>\n<\/div>\n<\/div>\n<\/div>\n<\/div>\n","protected":false},"excerpt":{"rendered":"<p>Nuestro equipo Contamos con un equipo multidisciplinario de expertos dedicados a impulsar nuestros objetivos: Dr. Israel Herrera Director Liderando nuestra visi\u00f3n con experiencia y dedicaci\u00f3n. Lic. Rebeca Rosado Investigadora A&#8230;<\/p>\n","protected":false},"author":2,"featured_media":0,"parent":0,"menu_order":0,"comment_status":"closed","ping_status":"closed","template":"plantilla-equipo","meta":{"_editorskit_title_hidden":false,"_editorskit_reading_time":0,"_editorskit_is_block_options_detached":false,"_editorskit_block_options_position":"{}","om_disable_all_campaigns":false,"_mi_skip_tracking":false,"_EventAllDay":false,"_EventTimezone":"","_EventStartDate":"","_EventEndDate":"","_EventStartDateUTC":"","_EventEndDateUTC":"","_EventShowMap":false,"_EventShowMapLink":false,"_EventURL":"","_EventCost":"","_EventCostDescription":"","_EventCurrencySymbol":"","_EventCurrencyCode":"","_EventCurrencyPosition":"","_EventDateTimeSeparator":"","_EventTimeRangeSeparator":"","_EventOrganizerID":[],"_EventVenueID":[],"_OrganizerEmail":"","_OrganizerPhone":"","_OrganizerWebsite":"","_VenueAddress":"","_VenueCity":"","_VenueCountry":"","_VenueProvince":"","_VenueState":"","_VenueZip":"","_VenuePhone":"","_VenueURL":"","_VenueStateProvince":"","_VenueLat":"","_VenueLng":"","_VenueShowMap":false,"_VenueShowMapLink":false,"footnotes":""},"aioseo_notices":[],"_links":{"self":[{"href":"https:\/\/redinpadeso.org\/index.php\/wp-json\/wp\/v2\/pages\/5216"}],"collection":[{"href":"https:\/\/redinpadeso.org\/index.php\/wp-json\/wp\/v2\/pages"}],"about":[{"href":"https:\/\/redinpadeso.org\/index.php\/wp-json\/wp\/v2\/types\/page"}],"author":[{"embeddable":true,"href":"https:\/\/redinpadeso.org\/index.php\/wp-json\/wp\/v2\/users\/2"}],"replies":[{"embeddable":true,"href":"https:\/\/redinpadeso.org\/index.php\/wp-json\/wp\/v2\/comments?post=5216"}],"version-history":[{"count":2,"href":"https:\/\/redinpadeso.org\/index.php\/wp-json\/wp\/v2\/pages\/5216\/revisions"}],"predecessor-version":[{"id":5219,"href":"https:\/\/redinpadeso.org\/index.php\/wp-json\/wp\/v2\/pages\/5216\/revisions\/5219"}],"wp:attachment":[{"href":"https:\/\/redinpadeso.org\/index.php\/wp-json\/wp\/v2\/media?parent=5216"}],"curies":[{"name":"wp","href":"https:\/\/api.w.org\/{rel}","templated":true}]}}