{"id":5084,"date":"2025-07-02T18:44:51","date_gmt":"2025-07-02T18:44:51","guid":{"rendered":"https:\/\/redinpadeso.org\/?page_id=5084"},"modified":"2025-07-30T05:20:56","modified_gmt":"2025-07-30T05:20:56","slug":"noticias","status":"publish","type":"page","link":"https:\/\/redinpadeso.org\/index.php\/noticias\/","title":{"rendered":"Noticias"},"content":{"rendered":"\n<figure class=\"wp-block-embed is-type-wp-embed is-provider-el-independiente wp-block-embed-el-independiente\"><div class=\"wp-block-embed__wrapper\">\n<blockquote class=\"wp-embedded-content\" data-secret=\"gmD9YkLXPL\"><a href=\"https:\/\/www.elindependiente.com\/espana\/2025\/06\/15\/la-edicion-espanola-de-national-geographic-presenta-el-sahara-occidental-como-territorio-de-marruecos\/\">La edici\u00f3n espa\u00f1ola de National Geographic presenta el S\u00e1hara Occidental como territorio de Marruecos<\/a><\/blockquote><iframe class=\"wp-embedded-content\" sandbox=\"allow-scripts\" security=\"restricted\" style=\"position: absolute; clip: rect(1px, 1px, 1px, 1px);\" title=\"\u00abLa edici\u00f3n espa\u00f1ola de National Geographic presenta el S\u00e1hara Occidental como territorio de Marruecos\u00bb \u2014 El Independiente\" src=\"https:\/\/www.elindependiente.com\/espana\/2025\/06\/15\/la-edicion-espanola-de-national-geographic-presenta-el-sahara-occidental-como-territorio-de-marruecos\/embed\/#?secret=ZUKu78lgnL#?secret=gmD9YkLXPL\" data-secret=\"gmD9YkLXPL\" width=\"500\" height=\"282\" frameborder=\"0\" marginwidth=\"0\" marginheight=\"0\" scrolling=\"no\"><\/iframe>\n<\/div><\/figure>\n","protected":false},"excerpt":{"rendered":"","protected":false},"author":2,"featured_media":0,"parent":0,"menu_order":0,"comment_status":"closed","ping_status":"closed","template":"page-leftsidebar-template","meta":{"_editorskit_title_hidden":false,"_editorskit_reading_time":0,"_editorskit_is_block_options_detached":false,"_editorskit_block_options_position":"{}","om_disable_all_campaigns":false,"_mi_skip_tracking":false,"_EventAllDay":false,"_EventTimezone":"","_EventStartDate":"","_EventEndDate":"","_EventStartDateUTC":"","_EventEndDateUTC":"","_EventShowMap":false,"_EventShowMapLink":false,"_EventURL":"","_EventCost":"","_EventCostDescription":"","_EventCurrencySymbol":"","_EventCurrencyCode":"","_EventCurrencyPosition":"","_EventDateTimeSeparator":"","_EventTimeRangeSeparator":"","_EventOrganizerID":[],"_EventVenueID":[],"_OrganizerEmail":"","_OrganizerPhone":"","_OrganizerWebsite":"","_VenueAddress":"","_VenueCity":"","_VenueCountry":"","_VenueProvince":"","_VenueState":"","_VenueZip":"","_VenuePhone":"","_VenueURL":"","_VenueStateProvince":"","_VenueLat":"","_VenueLng":"","_VenueShowMap":false,"_VenueShowMapLink":false,"footnotes":""},"aioseo_notices":[],"_links":{"self":[{"href":"https:\/\/redinpadeso.org\/index.php\/wp-json\/wp\/v2\/pages\/5084"}],"collection":[{"href":"https:\/\/redinpadeso.org\/index.php\/wp-json\/wp\/v2\/pages"}],"about":[{"href":"https:\/\/redinpadeso.org\/index.php\/wp-json\/wp\/v2\/types\/page"}],"author":[{"embeddable":true,"href":"https:\/\/redinpadeso.org\/index.php\/wp-json\/wp\/v2\/users\/2"}],"replies":[{"embeddable":true,"href":"https:\/\/redinpadeso.org\/index.php\/wp-json\/wp\/v2\/comments?post=5084"}],"version-history":[{"count":3,"href":"https:\/\/redinpadeso.org\/index.php\/wp-json\/wp\/v2\/pages\/5084\/revisions"}],"predecessor-version":[{"id":5201,"href":"https:\/\/redinpadeso.org\/index.php\/wp-json\/wp\/v2\/pages\/5084\/revisions\/5201"}],"wp:attachment":[{"href":"https:\/\/redinpadeso.org\/index.php\/wp-json\/wp\/v2\/media?parent=5084"}],"curies":[{"name":"wp","href":"https:\/\/api.w.org\/{rel}","templated":true}]}}